{"id":4685,"date":"2023-05-15T07:48:36","date_gmt":"2023-05-15T07:48:36","guid":{"rendered":"https:\/\/contino.es\/?page_id=4685"},"modified":"2023-05-15T07:52:25","modified_gmt":"2023-05-15T07:52:25","slug":"condiciones-de-compra-reserva-y-regala","status":"publish","type":"page","link":"https:\/\/contino.es\/en\/condiciones-de-compra-reserva-y-regala\/","title":{"rendered":"Condiciones de Compra, reserva y regala"},"content":{"rendered":"<p><strong>El Acuerdo<\/strong><\/p>\n<p>Las presentes Condiciones Generales se aplicar\u00e1n a todos los productos ofertados por Contino en esta p\u00e1gina web, as\u00ed como a las entregas de bienes y servicios comercializados por Contino en el portal de visitas\u00a0 <a href=\"https:\/\/contino.es\/visitas-contino\/\">https:\/\/contino.es\/visitas-contino\/<\/a>.<\/p>\n<p>Estas Condiciones Generales estar\u00e1n en vigor para todos los bienes y servicios que se oferten, pudi\u00e9ndose modificar sin previo aviso, no afectando los cambios a las compras ya realizadas hasta ese momento.<\/p>\n<p><strong>Formalizaci\u00f3n de la Compra<\/strong><\/p>\n<p>La compra de los productos ofrecidos en la web se realiza mediante la selecci\u00f3n de los productos elegidos, los cuales se incluir\u00e1n en la cesta de la compra. Una vez concluida la selecci\u00f3n, continuar\u00e1 la compra procedi\u00e9ndose a la cumplimentaci\u00f3n de los datos personales (en funci\u00f3n de cada caso) para la emisi\u00f3n de la factura y los datos de la tarjeta de cr\u00e9dito para efectuar el pago de los productos. Aceptando finalmente la compra realizada, se efectuar\u00e1 la compra definitiva de los productos seleccionados y se proceder\u00e1 a seleccionar la forma de pago (Tarjeta de Cr\u00e9dito o Bizum).<\/p>\n<p><strong>Propiedad Intelectual<\/strong><\/p>\n<p>Los textos (informaciones, conceptos, opiniones y otros an\u00e1logos) y elementos gr\u00e1ficos (dise\u00f1o, logos, c\u00f3digo fuente y otros an\u00e1logos) que constituyen el Portal y difundidos a trav\u00e9s de \u00e9ste, as\u00ed como su presentaci\u00f3n y montaje, son titularidad exclusiva de Contino u ostenta los derechos de explotaci\u00f3n de estos a trav\u00e9s de acuerdos con terceros. Todos los nombres comerciales, marcas o signos distintivos, logotipos, s\u00edmbolos, marcas mixtas, figurativas o nominativas que aparecen en este Portal pertenecen a Contino o dispone, previa autorizaci\u00f3n, del derecho de uso sobre las mismas y se encuentran protegidos por la legislaci\u00f3n vigente al respecto.<\/p>\n<p>La visualizaci\u00f3n, impresi\u00f3n y descarga (en todo caso parcial del contenido de la web) s\u00f3lo queda autorizada si se realiza para un uso personal y privado, sin fines comerciales.<\/p>\n<p><strong>Condiciones de compra en regala<\/strong><\/p>\n<p>Los usuarios podr\u00e1n comprar sus regalo anticipadamente de acuerdo con las instrucciones que aparecen indicadas en la web. La compra de regala est\u00e1 sujeta al\u00a0 derecho de NO desistimiento. No se admiten cambios ni devoluciones en la compra. No obstante, si se diera el caso de la no prestaci\u00f3n del servicio por parte de Contino proceder\u00e1 a la devoluci\u00f3n total o parcial del importe abonado por la compra, en el supuesto de que la reserva a la Bodega no sea posible en los plazos de previsto inicialmente. Todo ello sin perjuicio de las reclamaciones que fueran procedentes conforme a la normativa civil y mercantil de aplicaci\u00f3n.<br \/>\n<strong><br \/>\nUtilizaci\u00f3n de las reservas adquiridas a trav\u00e9s de nuestra web <\/strong><\/p>\n<p>Las entradas que se adquieran de acuerdo con lo previsto en el anterior apartado, y que el usuario reciba en su e-mail, tendr\u00e1n el mismo valor que si hubieran sido adquiridas f\u00edsicamente en la Bodega. El usuario de la Web podr\u00e1:<\/p>\n<ul>\n<li>imprimir sus entradas en papel com\u00fan, comprobando que la impresi\u00f3n ha sido correcta y que los c\u00f3digos que identifican e individualizan cada entrada son legibles.<\/li>\n<li>descargar en su terminal m\u00f3vil el archivo en formato .pdf que el usuario reciba por correo electr\u00f3nico y mostrarlas a la entrada de la Bodega.<\/li>\n<li>descargar las entradas que reciba en su email en formato passbook.<\/li>\n<\/ul>\n<p>Las entradas dar\u00e1n derecho a su tenedor a acceder a la Bodega o al evento para el que fueron adquiridas y ser\u00e1n v\u00e1lidas exclusivamente para el Servicio enotur\u00edstico, D\u00eda y hora seleccionados.<\/p>\n<p><strong>Incidencias con el servicio de venta de entradas<\/strong><\/p>\n<p>Cualquier incidencia vinculada con el uso y funcionamiento del sistema de reserva \/ compra y regala deber\u00e1 notificarse a la direcci\u00f3n de correo electr\u00f3nico visitas@contino.es<\/p>\n<p><strong>Pol\u00edtica de protecci\u00f3n de datos<\/strong><\/p>\n<p>En cumplimiento de lo establecido en el Reglamento (UE) 2016\/679 del Parlamento Europeo y del Consejo de 27 de abril de 2016 relativo a la protecci\u00f3n de las personas f\u00edsicas en lo que respecta al tratamiento de datos personales y a la libre circulaci\u00f3n de estos datos y por el que se deroga la Directiva 95\/46\/CE (Reglamento general de protecci\u00f3n de datos) y de la\u00a0 Ley Org\u00e1nica 3\/2018, de 5 de diciembre, de Protecci\u00f3n de Datos Personales y garant\u00eda de los derechos digitales le informamos que puede enviar un escrito en cualquier momento y de forma gratuita a SOCIEDAD VIN\u00cdCOLA VILLALBA, S.L. en Carretera de Logro\u00f1o \u2013 Laguardia Km 4,8 \u00c1lava 01300, adjuntando fotocopia de su documento de identidad, para solicitar sus derechos de acceso, rectificaci\u00f3n, supresi\u00f3n, oposici\u00f3n, limitaci\u00f3n, portabilidad de sus datos.<\/p>\n<p>Adem\u00e1s, puede, reclamar ante la Agencia Espa\u00f1ola de Protecci\u00f3n de Datos, a trav\u00e9s de la siguiente direcci\u00f3n: Agencia Espa\u00f1ola de Protecci\u00f3n de Datos, C\/ Jorge Juan, 6, 28001-Madrid, cuando el interesado considere que SOCIEDAD VIN\u00cdCOLA VILLALBA, S.L. ha vulnerado los derechos que le son reconocidos por la normativa aplicable en protecci\u00f3n de datos.<\/p>\n<p>Sin perjuicio de lo anterior, el interesado podr\u00e1 ponerse en contacto con SOCIEDAD VIN\u00cdCOLA VILLALBA, S.L. en rgpd@cvne.com.<\/p>\n<p>Asimismo, le informamos de que JIG DIGITAL, es la encargada del tratamiento de esos datos, quien gestiona la plataforma de venta de reservas \/ entradas \/ regala de Contino.<\/p>\n<p>La cumplimentaci\u00f3n de todos los campos recogidos en este formulario tiene car\u00e1cter obligatorio y supone su consentimiento expreso al tratamiento de sus datos personales con las finalidades indicadas. En el caso de que en el formulario deban incluirse datos de car\u00e1cter personal referentes a personas f\u00edsicas distintas de la que cumplimenta el presente formulario deber\u00e1, con car\u00e1cter previo a su inclusi\u00f3n, informarles de los extremos contenidos en los p\u00e1rrafos anteriores y de la Pol\u00edtica de Privacidad de Contino.<br \/>\n<strong><br \/>\nModificaciones en las condiciones y en la web<\/strong><\/p>\n<p>Contino se reserva el derecho a realizar las modificaciones que considere oportunas en las presentes condiciones, la Web y los servicios prestados en cualquier momento sin necesidad de notificaci\u00f3n previa. En consecuencia, Contino podr\u00e1 cambiar, suprimir o a\u00f1adir tanto los contenidos como los servicios que se presten a trav\u00e9s de la Web, como la forma de presentaci\u00f3n o localizaci\u00f3n de la Web, incluso suspender provisional o definitivamente el funcionamiento de la misma.<\/p>\n<p>&nbsp;<\/p>\n","protected":false},"excerpt":{"rendered":"<p>El Acuerdo Las presentes Condiciones Generales se aplicar\u00e1n a todos los productos ofertados por Contino en esta p\u00e1gina web, as\u00ed como a las entregas de bienes y servicios comercializados por Contino en el portal de visitas\u00a0 https:\/\/contino.es\/visitas-contino\/. Estas Condiciones Generales estar\u00e1n en vigor para todos los bienes y servicios que se oferten, pudi\u00e9ndose modificar sin [&hellip;]<\/p>\n","protected":false},"author":1,"featured_media":0,"parent":0,"menu_order":0,"comment_status":"closed","ping_status":"closed","template":"","meta":{"_acf_changed":false,"inline_featured_image":false,"footnotes":""},"class_list":["post-4685","page","type-page","status-publish","hentry"],"acf":[],"yoast_head":"<!-- This site is optimized with the Yoast SEO plugin v26.9 - https:\/\/yoast.com\/product\/yoast-seo-wordpress\/ -->\n<title>Condiciones de Compra, reserva y regala | Contino<\/title>\n<meta name=\"robots\" content=\"index, follow, max-snippet:-1, max-image-preview:large, max-video-preview:-1\" \/>\n<link rel=\"canonical\" href=\"https:\/\/contino.es\/en\/condiciones-de-compra-reserva-y-regala\/\" \/>\n<meta property=\"og:locale\" content=\"en_US\" \/>\n<meta property=\"og:type\" content=\"article\" \/>\n<meta property=\"og:title\" content=\"Condiciones de Compra, reserva y regala | Contino\" \/>\n<meta property=\"og:description\" content=\"El Acuerdo Las presentes Condiciones Generales se aplicar\u00e1n a todos los productos ofertados por Contino en esta p\u00e1gina web, as\u00ed como a las entregas de bienes y servicios comercializados por Contino en el portal de visitas\u00a0 https:\/\/contino.es\/visitas-contino\/. Estas Condiciones Generales estar\u00e1n en vigor para todos los bienes y servicios que se oferten, pudi\u00e9ndose modificar sin [&hellip;]\" \/>\n<meta property=\"og:url\" content=\"https:\/\/contino.es\/en\/condiciones-de-compra-reserva-y-regala\/\" \/>\n<meta property=\"og:site_name\" content=\"Contino\" \/>\n<meta property=\"article:modified_time\" content=\"2023-05-15T07:52:25+00:00\" \/>\n<meta name=\"twitter:card\" content=\"summary_large_image\" \/>\n<script type=\"application\/ld+json\" class=\"yoast-schema-graph\">{\"@context\":\"https:\/\/schema.org\",\"@graph\":[{\"@type\":\"WebPage\",\"@id\":\"https:\/\/contino.es\/en\/condiciones-de-compra-reserva-y-regala\/\",\"url\":\"https:\/\/contino.es\/en\/condiciones-de-compra-reserva-y-regala\/\",\"name\":\"Condiciones de Compra, reserva y regala | Contino\",\"isPartOf\":{\"@id\":\"https:\/\/contino.es\/en\/#website\"},\"datePublished\":\"2023-05-15T07:48:36+00:00\",\"dateModified\":\"2023-05-15T07:52:25+00:00\",\"breadcrumb\":{\"@id\":\"https:\/\/contino.es\/en\/condiciones-de-compra-reserva-y-regala\/#breadcrumb\"},\"inLanguage\":\"en-US\",\"potentialAction\":[{\"@type\":\"ReadAction\",\"target\":[\"https:\/\/contino.es\/en\/condiciones-de-compra-reserva-y-regala\/\"]}]},{\"@type\":\"BreadcrumbList\",\"@id\":\"https:\/\/contino.es\/en\/condiciones-de-compra-reserva-y-regala\/#breadcrumb\",\"itemListElement\":[{\"@type\":\"ListItem\",\"position\":1,\"name\":\"Home\",\"item\":\"https:\/\/contino.es\/en\/\"},{\"@type\":\"ListItem\",\"position\":2,\"name\":\"Condiciones de Compra, reserva y regala\"}]},{\"@type\":\"WebSite\",\"@id\":\"https:\/\/contino.es\/en\/#website\",\"url\":\"https:\/\/contino.es\/en\/\",\"name\":\"Contino\",\"description\":\"\",\"potentialAction\":[{\"@type\":\"SearchAction\",\"target\":{\"@type\":\"EntryPoint\",\"urlTemplate\":\"https:\/\/contino.es\/en\/?s={search_term_string}\"},\"query-input\":{\"@type\":\"PropertyValueSpecification\",\"valueRequired\":true,\"valueName\":\"search_term_string\"}}],\"inLanguage\":\"en-US\"}]}<\/script>\n<!-- \/ Yoast SEO plugin. -->","yoast_head_json":{"title":"Condiciones de Compra, reserva y regala | Contino","robots":{"index":"index","follow":"follow","max-snippet":"max-snippet:-1","max-image-preview":"max-image-preview:large","max-video-preview":"max-video-preview:-1"},"canonical":"https:\/\/contino.es\/en\/condiciones-de-compra-reserva-y-regala\/","og_locale":"en_US","og_type":"article","og_title":"Condiciones de Compra, reserva y regala | Contino","og_description":"El Acuerdo Las presentes Condiciones Generales se aplicar\u00e1n a todos los productos ofertados por Contino en esta p\u00e1gina web, as\u00ed como a las entregas de bienes y servicios comercializados por Contino en el portal de visitas\u00a0 https:\/\/contino.es\/visitas-contino\/. Estas Condiciones Generales estar\u00e1n en vigor para todos los bienes y servicios que se oferten, pudi\u00e9ndose modificar sin [&hellip;]","og_url":"https:\/\/contino.es\/en\/condiciones-de-compra-reserva-y-regala\/","og_site_name":"Contino","article_modified_time":"2023-05-15T07:52:25+00:00","twitter_card":"summary_large_image","schema":{"@context":"https:\/\/schema.org","@graph":[{"@type":"WebPage","@id":"https:\/\/contino.es\/en\/condiciones-de-compra-reserva-y-regala\/","url":"https:\/\/contino.es\/en\/condiciones-de-compra-reserva-y-regala\/","name":"Condiciones de Compra, reserva y regala | Contino","isPartOf":{"@id":"https:\/\/contino.es\/en\/#website"},"datePublished":"2023-05-15T07:48:36+00:00","dateModified":"2023-05-15T07:52:25+00:00","breadcrumb":{"@id":"https:\/\/contino.es\/en\/condiciones-de-compra-reserva-y-regala\/#breadcrumb"},"inLanguage":"en-US","potentialAction":[{"@type":"ReadAction","target":["https:\/\/contino.es\/en\/condiciones-de-compra-reserva-y-regala\/"]}]},{"@type":"BreadcrumbList","@id":"https:\/\/contino.es\/en\/condiciones-de-compra-reserva-y-regala\/#breadcrumb","itemListElement":[{"@type":"ListItem","position":1,"name":"Home","item":"https:\/\/contino.es\/en\/"},{"@type":"ListItem","position":2,"name":"Condiciones de Compra, reserva y regala"}]},{"@type":"WebSite","@id":"https:\/\/contino.es\/en\/#website","url":"https:\/\/contino.es\/en\/","name":"Contino","description":"","potentialAction":[{"@type":"SearchAction","target":{"@type":"EntryPoint","urlTemplate":"https:\/\/contino.es\/en\/?s={search_term_string}"},"query-input":{"@type":"PropertyValueSpecification","valueRequired":true,"valueName":"search_term_string"}}],"inLanguage":"en-US"}]}},"_links":{"self":[{"href":"https:\/\/contino.es\/en\/wp-json\/wp\/v2\/pages\/4685","targetHints":{"allow":["GET"]}}],"collection":[{"href":"https:\/\/contino.es\/en\/wp-json\/wp\/v2\/pages"}],"about":[{"href":"https:\/\/contino.es\/en\/wp-json\/wp\/v2\/types\/page"}],"author":[{"embeddable":true,"href":"https:\/\/contino.es\/en\/wp-json\/wp\/v2\/users\/1"}],"replies":[{"embeddable":true,"href":"https:\/\/contino.es\/en\/wp-json\/wp\/v2\/comments?post=4685"}],"version-history":[{"count":2,"href":"https:\/\/contino.es\/en\/wp-json\/wp\/v2\/pages\/4685\/revisions"}],"predecessor-version":[{"id":4687,"href":"https:\/\/contino.es\/en\/wp-json\/wp\/v2\/pages\/4685\/revisions\/4687"}],"wp:attachment":[{"href":"https:\/\/contino.es\/en\/wp-json\/wp\/v2\/media?parent=4685"}],"curies":[{"name":"wp","href":"https:\/\/api.w.org\/{rel}","templated":true}]}}